{"id":66,"date":"2023-11-17T14:21:02","date_gmt":"2023-11-17T14:21:02","guid":{"rendered":"http:\/\/osteopathie-hochdorf.ch\/?page_id=66"},"modified":"2024-02-23T08:48:26","modified_gmt":"2024-02-23T08:48:26","slug":"tarife","status":"publish","type":"page","link":"https:\/\/osteopathie-hochdorf.ch\/index.php\/tarife\/","title":{"rendered":"Tarife"},"content":{"rendered":"\t\t<div data-elementor-type=\"wp-page\" data-elementor-id=\"66\" class=\"elementor elementor-66\" data-elementor-post-type=\"page\">\n\t\t\t\t<div class=\"elementor-element elementor-element-0653ff2 e-flex e-con-boxed e-con e-parent\" data-id=\"0653ff2\" data-element_type=\"container\">\n\t\t\t\t\t<div class=\"e-con-inner\">\n\t\t<div class=\"elementor-element elementor-element-921fc7d e-con-full e-flex e-con e-child\" data-id=\"921fc7d\" data-element_type=\"container\">\n\t\t\t\t<div class=\"elementor-element elementor-element-bba9d05 elementor-widget elementor-widget-heading\" data-id=\"bba9d05\" data-element_type=\"widget\" data-widget_type=\"heading.default\">\n\t\t\t\t<div class=\"elementor-widget-container\">\n\t\t\t<style>\/*! elementor - v3.21.0 - 18-04-2024 *\/\n.elementor-heading-title{padding:0;margin:0;line-height:1}.elementor-widget-heading .elementor-heading-title[class*=elementor-size-]>a{color:inherit;font-size:inherit;line-height:inherit}.elementor-widget-heading .elementor-heading-title.elementor-size-small{font-size:15px}.elementor-widget-heading .elementor-heading-title.elementor-size-medium{font-size:19px}.elementor-widget-heading .elementor-heading-title.elementor-size-large{font-size:29px}.elementor-widget-heading .elementor-heading-title.elementor-size-xl{font-size:39px}.elementor-widget-heading .elementor-heading-title.elementor-size-xxl{font-size:59px}<\/style><h2 class=\"elementor-heading-title elementor-size-default\">Tarife<\/h2>\t\t<\/div>\n\t\t\t\t<\/div>\n\t\t\t\t<\/div>\n\t\t<div class=\"elementor-element elementor-element-7b7f0aa e-con-full e-flex e-con e-child\" data-id=\"7b7f0aa\" data-element_type=\"container\">\n\t\t\t\t<\/div>\n\t\t\t\t\t<\/div>\n\t\t\t\t<\/div>\n\t\t<div class=\"elementor-element elementor-element-5e4f460 e-flex e-con-boxed e-con e-parent\" data-id=\"5e4f460\" data-element_type=\"container\">\n\t\t\t\t\t<div class=\"e-con-inner\">\n\t\t\t\t<div class=\"elementor-element elementor-element-7d3a5d0 elementor-widget elementor-widget-text-editor\" data-id=\"7d3a5d0\" data-element_type=\"widget\" data-widget_type=\"text-editor.default\">\n\t\t\t\t<div class=\"elementor-widget-container\">\n\t\t\t<style>\/*! elementor - v3.21.0 - 18-04-2024 *\/\n.elementor-widget-text-editor.elementor-drop-cap-view-stacked .elementor-drop-cap{background-color:#69727d;color:#fff}.elementor-widget-text-editor.elementor-drop-cap-view-framed .elementor-drop-cap{color:#69727d;border:3px solid;background-color:transparent}.elementor-widget-text-editor:not(.elementor-drop-cap-view-default) .elementor-drop-cap{margin-top:8px}.elementor-widget-text-editor:not(.elementor-drop-cap-view-default) .elementor-drop-cap-letter{width:1em;height:1em}.elementor-widget-text-editor .elementor-drop-cap{float:left;text-align:center;line-height:1;font-size:50px}.elementor-widget-text-editor .elementor-drop-cap-letter{display:inline-block}<\/style>\t\t\t\t<p>Der Tarif ist 150 CHF\/Stunde. Es wird auf 30, 45 und 60 Minuten abgerechnet.<\/p><p>Von den Krankenkassen-Zusatzversicherungen f\u00fcr Komplement\u00e4rmedizin bin ich \u00fcber die Qualit\u00e4tslabels\u00a0<span style=\"color: #95b494;\"><a style=\"color: #95b494;\" href=\"http:\/\/www.emr.ch\/\" target=\"_blank\" rel=\"noopener\">EMR<\/a><\/span>\u00a0und\u00a0<span style=\"color: #95b494;\"><a style=\"color: #95b494;\" href=\"http:\/\/www.asca.ch\/\" target=\"_blank\" rel=\"noopener\">ASCA<\/a><\/span>\u00a0anerkannt. Die\u00a0<span style=\"color: #95b494;\"><a style=\"color: #95b494;\" href=\"http:\/\/www.egk.ch\/\" target=\"_blank\" rel=\"noopener\">EGK<\/a><\/span>\u00a0(Eidgen\u00f6ssische Gesundheitskasse) pr\u00fcft selber und rechnet separat ab. Bitte informieren Sie sich bei Ihrer Versicherung betreffend R\u00fcckerstattung der Behandlungskosten.<\/p><p>Ungeachtet ob Sie versichert sind oder nicht, ist es mir wichtig, mit so wenig Behandlungen wie m\u00f6glich zum Ziel zu kommen. So bleiben die Kosten transparent und in einem tragbaren Rahmen.<\/p>\t\t\t\t\t\t<\/div>\n\t\t\t\t<\/div>\n\t\t\t\t\t<\/div>\n\t\t\t\t<\/div>\n\t\t\t\t<\/div>\n\t\t","protected":false},"excerpt":{"rendered":"<p>Tarife Der Tarif ist 150 CHF\/Stunde. Es wird auf 30, 45 und 60 Minuten abgerechnet. Von den Krankenkassen-Zusatzversicherungen f\u00fcr Komplement\u00e4rmedizin bin ich \u00fcber die Qualit\u00e4tslabels\u00a0EMR\u00a0und\u00a0ASCA\u00a0anerkannt. Die\u00a0EGK\u00a0(Eidgen\u00f6ssische Gesundheitskasse) pr\u00fcft selber und rechnet separat ab. Bitte informieren Sie sich bei Ihrer Versicherung betreffend R\u00fcckerstattung der Behandlungskosten. Ungeachtet ob Sie versichert sind oder nicht, ist es mir wichtig, [&hellip;]<\/p>\n","protected":false},"author":1,"featured_media":0,"parent":0,"menu_order":0,"comment_status":"closed","ping_status":"closed","template":"","meta":{"footnotes":""},"class_list":["post-66","page","type-page","status-publish","hentry"],"_links":{"self":[{"href":"https:\/\/osteopathie-hochdorf.ch\/index.php\/wp-json\/wp\/v2\/pages\/66","targetHints":{"allow":["GET"]}}],"collection":[{"href":"https:\/\/osteopathie-hochdorf.ch\/index.php\/wp-json\/wp\/v2\/pages"}],"about":[{"href":"https:\/\/osteopathie-hochdorf.ch\/index.php\/wp-json\/wp\/v2\/types\/page"}],"author":[{"embeddable":true,"href":"https:\/\/osteopathie-hochdorf.ch\/index.php\/wp-json\/wp\/v2\/users\/1"}],"replies":[{"embeddable":true,"href":"https:\/\/osteopathie-hochdorf.ch\/index.php\/wp-json\/wp\/v2\/comments?post=66"}],"version-history":[{"count":28,"href":"https:\/\/osteopathie-hochdorf.ch\/index.php\/wp-json\/wp\/v2\/pages\/66\/revisions"}],"predecessor-version":[{"id":915,"href":"https:\/\/osteopathie-hochdorf.ch\/index.php\/wp-json\/wp\/v2\/pages\/66\/revisions\/915"}],"wp:attachment":[{"href":"https:\/\/osteopathie-hochdorf.ch\/index.php\/wp-json\/wp\/v2\/media?parent=66"}],"curies":[{"name":"wp","href":"https:\/\/api.w.org\/{rel}","templated":true}]}}