{"id":64,"date":"2023-11-17T14:20:44","date_gmt":"2023-11-17T14:20:44","guid":{"rendered":"http:\/\/osteopathie-hochdorf.ch\/?page_id=64"},"modified":"2024-02-21T12:50:03","modified_gmt":"2024-02-21T12:50:03","slug":"anwendungsbereiche-2","status":"publish","type":"page","link":"https:\/\/osteopathie-hochdorf.ch\/index.php\/anwendungsbereiche-2\/","title":{"rendered":"Behandlungsablauf"},"content":{"rendered":"\t\t<div data-elementor-type=\"wp-page\" data-elementor-id=\"64\" class=\"elementor elementor-64\" data-elementor-post-type=\"page\">\n\t\t\t\t<div class=\"elementor-element elementor-element-89272b7 e-flex e-con-boxed e-con e-parent\" data-id=\"89272b7\" data-element_type=\"container\">\n\t\t\t\t\t<div class=\"e-con-inner\">\n\t\t<div class=\"elementor-element elementor-element-3dc7a1e e-con-full e-flex e-con e-child\" data-id=\"3dc7a1e\" data-element_type=\"container\">\n\t\t\t\t<div class=\"elementor-element elementor-element-361f890 elementor-widget elementor-widget-heading\" data-id=\"361f890\" data-element_type=\"widget\" data-widget_type=\"heading.default\">\n\t\t\t\t<div class=\"elementor-widget-container\">\n\t\t\t<style>\/*! elementor - v3.21.0 - 18-04-2024 *\/\n.elementor-heading-title{padding:0;margin:0;line-height:1}.elementor-widget-heading .elementor-heading-title[class*=elementor-size-]>a{color:inherit;font-size:inherit;line-height:inherit}.elementor-widget-heading .elementor-heading-title.elementor-size-small{font-size:15px}.elementor-widget-heading .elementor-heading-title.elementor-size-medium{font-size:19px}.elementor-widget-heading .elementor-heading-title.elementor-size-large{font-size:29px}.elementor-widget-heading .elementor-heading-title.elementor-size-xl{font-size:39px}.elementor-widget-heading .elementor-heading-title.elementor-size-xxl{font-size:59px}<\/style><h2 class=\"elementor-heading-title elementor-size-default\">Behandlungsablauf<\/h2>\t\t<\/div>\n\t\t\t\t<\/div>\n\t\t\t\t<\/div>\n\t\t<div class=\"elementor-element elementor-element-754408f e-con-full e-flex e-con e-child\" data-id=\"754408f\" data-element_type=\"container\">\n\t\t\t\t<\/div>\n\t\t\t\t\t<\/div>\n\t\t\t\t<\/div>\n\t\t<div class=\"elementor-element elementor-element-c415a37 e-flex e-con-boxed e-con e-parent\" data-id=\"c415a37\" data-element_type=\"container\">\n\t\t\t\t\t<div class=\"e-con-inner\">\n\t\t\t\t<div class=\"elementor-element elementor-element-b48f719 elementor-widget elementor-widget-text-editor\" data-id=\"b48f719\" data-element_type=\"widget\" data-widget_type=\"text-editor.default\">\n\t\t\t\t<div class=\"elementor-widget-container\">\n\t\t\t<style>\/*! elementor - v3.21.0 - 18-04-2024 *\/\n.elementor-widget-text-editor.elementor-drop-cap-view-stacked .elementor-drop-cap{background-color:#69727d;color:#fff}.elementor-widget-text-editor.elementor-drop-cap-view-framed .elementor-drop-cap{color:#69727d;border:3px solid;background-color:transparent}.elementor-widget-text-editor:not(.elementor-drop-cap-view-default) .elementor-drop-cap{margin-top:8px}.elementor-widget-text-editor:not(.elementor-drop-cap-view-default) .elementor-drop-cap-letter{width:1em;height:1em}.elementor-widget-text-editor .elementor-drop-cap{float:left;text-align:center;line-height:1;font-size:50px}.elementor-widget-text-editor .elementor-drop-cap-letter{display:inline-block}<\/style>\t\t\t\t<p>Als Leitsatz f\u00fcr die klinische Anwendung wie auch in der osteopathischen Diagnostik gilt: Der Mensch reagiert als Einheit!<\/p><p>Als erstes wird die gesamte Krankengeschichte detailliert aufgenommen. Gezielt und ausf\u00fchrlich wird nach fr\u00fcheren Traumen, durchgemachten und aktuellen Krankheiten gesucht, um diese dann in Zusammenhang mit den jetzigen Beschwerden zu bringen.<\/p><p>Anschliessend wird die Haltung gr\u00fcndlich untersucht. Aufgrund der Haltung k\u00f6nnen bereits erste Schl\u00fcsse gezogen werden. Schon kleine St\u00f6rungen haben einen grossen Einfluss auf die Funktionsm\u00f6glichkeiten des K\u00f6rpers.<\/p><p>Letztlich erfolgt die Untersuchung des Patienten unter Ber\u00fccksichtigung der bereits gewonnen Erkenntnisse:<\/p>\t\t\t\t\t\t<\/div>\n\t\t\t\t<\/div>\n\t\t\t\t\t<\/div>\n\t\t\t\t<\/div>\n\t\t<div class=\"elementor-element elementor-element-1fd7a4e e-flex e-con-boxed e-con e-parent\" data-id=\"1fd7a4e\" data-element_type=\"container\">\n\t\t\t\t\t<div class=\"e-con-inner\">\n\t\t\t\t<div class=\"elementor-element elementor-element-4bbea7b elementor-widget elementor-widget-text-editor\" data-id=\"4bbea7b\" data-element_type=\"widget\" data-widget_type=\"text-editor.default\">\n\t\t\t\t<div class=\"elementor-widget-container\">\n\t\t\t\t\t\t\t<h5><span style=\"color: #95B494\">Bewegungsapparat<\/span><\/h5>\nTest der Beweglichkeit von Gelenken, Muskeln, Sehnen, Knochen, Nerven und Bindegewebe\u00a0(der Faszien*).\n\n<span style=\"color: #339966;\">*) F\u00fcr den Osteopathen ist die Faszie (Bindegewebe) das Bindeglied in der Therapie. Es vernetzt und \u00fcbertr\u00e4gt Spannungen von einem Organsystem auf das andere.<\/span>\n\nDaher sind Faszien wichtige Instrumente f\u00fcr den Osteopathen, \u00fcber die er ein Symptom bis zu seiner ausl\u00f6senden Ursache zur\u00fcckverfolgen kann.\t\t\t\t\t\t<\/div>\n\t\t\t\t<\/div>\n\t\t\t\t\t<\/div>\n\t\t\t\t<\/div>\n\t\t<div class=\"elementor-element elementor-element-8053a66 e-flex e-con-boxed e-con e-parent\" data-id=\"8053a66\" data-element_type=\"container\">\n\t\t\t\t\t<div class=\"e-con-inner\">\n\t\t\t\t<div class=\"elementor-element elementor-element-a8f33ef elementor-widget elementor-widget-text-editor\" data-id=\"a8f33ef\" data-element_type=\"widget\" data-widget_type=\"text-editor.default\">\n\t\t\t\t<div class=\"elementor-widget-container\">\n\t\t\t\t\t\t\t<h5><span style=\"color: #95B494\">Innere Organe<\/span><\/h5>\nTest des Funktionierens und der freien Beweglichkeit der inneren Organe mit ihren Blut- und Lymphgef\u00e4ssen und den entsprechenden Anteilen des Nervensystems.\t\t\t\t\t\t<\/div>\n\t\t\t\t<\/div>\n\t\t\t\t\t<\/div>\n\t\t\t\t<\/div>\n\t\t<div class=\"elementor-element elementor-element-de33d5f e-flex e-con-boxed e-con e-parent\" data-id=\"de33d5f\" data-element_type=\"container\">\n\t\t\t\t\t<div class=\"e-con-inner\">\n\t\t\t\t<div class=\"elementor-element elementor-element-b02e963 elementor-widget elementor-widget-text-editor\" data-id=\"b02e963\" data-element_type=\"widget\" data-widget_type=\"text-editor.default\">\n\t\t\t\t<div class=\"elementor-widget-container\">\n\t\t\t\t\t\t\t<h5><span style=\"color: #95B494\">Kraniosakrales System<\/span><\/h5>\nTest der freien Beweglichkeit der Sch\u00e4delknochen, der Sch\u00e4deln\u00e4hte, der Hirnh\u00e4ute mit ihren Verbindungen am Sch\u00e4del und Kreuzbein, der Hirnfl\u00fcssigkeit sowie des Nervensystems und dessen Funktionen.\t\t\t\t\t\t<\/div>\n\t\t\t\t<\/div>\n\t\t\t\t\t<\/div>\n\t\t\t\t<\/div>\n\t\t<div class=\"elementor-element elementor-element-5727e69 e-flex e-con-boxed e-con e-parent\" data-id=\"5727e69\" data-element_type=\"container\">\n\t\t\t\t\t<div class=\"e-con-inner\">\n\t\t\t\t\t<\/div>\n\t\t\t\t<\/div>\n\t\t\t\t<\/div>\n\t\t","protected":false},"excerpt":{"rendered":"<p>Behandlungsablauf Als Leitsatz f\u00fcr die klinische Anwendung wie auch in der osteopathischen Diagnostik gilt: Der Mensch reagiert als Einheit! Als erstes wird die gesamte Krankengeschichte detailliert aufgenommen. Gezielt und ausf\u00fchrlich wird nach fr\u00fcheren Traumen, durchgemachten und aktuellen Krankheiten gesucht, um diese dann in Zusammenhang mit den jetzigen Beschwerden zu bringen. Anschliessend wird die Haltung gr\u00fcndlich [&hellip;]<\/p>\n","protected":false},"author":1,"featured_media":0,"parent":0,"menu_order":0,"comment_status":"closed","ping_status":"closed","template":"","meta":{"footnotes":""},"class_list":["post-64","page","type-page","status-publish","hentry"],"_links":{"self":[{"href":"https:\/\/osteopathie-hochdorf.ch\/index.php\/wp-json\/wp\/v2\/pages\/64","targetHints":{"allow":["GET"]}}],"collection":[{"href":"https:\/\/osteopathie-hochdorf.ch\/index.php\/wp-json\/wp\/v2\/pages"}],"about":[{"href":"https:\/\/osteopathie-hochdorf.ch\/index.php\/wp-json\/wp\/v2\/types\/page"}],"author":[{"embeddable":true,"href":"https:\/\/osteopathie-hochdorf.ch\/index.php\/wp-json\/wp\/v2\/users\/1"}],"replies":[{"embeddable":true,"href":"https:\/\/osteopathie-hochdorf.ch\/index.php\/wp-json\/wp\/v2\/comments?post=64"}],"version-history":[{"count":35,"href":"https:\/\/osteopathie-hochdorf.ch\/index.php\/wp-json\/wp\/v2\/pages\/64\/revisions"}],"predecessor-version":[{"id":875,"href":"https:\/\/osteopathie-hochdorf.ch\/index.php\/wp-json\/wp\/v2\/pages\/64\/revisions\/875"}],"wp:attachment":[{"href":"https:\/\/osteopathie-hochdorf.ch\/index.php\/wp-json\/wp\/v2\/media?parent=64"}],"curies":[{"name":"wp","href":"https:\/\/api.w.org\/{rel}","templated":true}]}}