{"id":62,"date":"2023-11-17T14:16:49","date_gmt":"2023-11-17T14:16:49","guid":{"rendered":"http:\/\/osteopathie-hochdorf.ch\/?page_id=62"},"modified":"2024-02-21T12:50:41","modified_gmt":"2024-02-21T12:50:41","slug":"anwendungsbereiche","status":"publish","type":"page","link":"https:\/\/osteopathie-hochdorf.ch\/index.php\/anwendungsbereiche\/","title":{"rendered":"Anwendungsbereiche\u00a0"},"content":{"rendered":"\t\t<div data-elementor-type=\"wp-page\" data-elementor-id=\"62\" class=\"elementor elementor-62\" data-elementor-post-type=\"page\">\n\t\t\t\t<div class=\"elementor-element elementor-element-19c4f24 e-flex e-con-boxed e-con e-parent\" data-id=\"19c4f24\" data-element_type=\"container\">\n\t\t\t\t\t<div class=\"e-con-inner\">\n\t\t<div class=\"elementor-element elementor-element-34dba91 e-con-full e-flex e-con e-child\" data-id=\"34dba91\" data-element_type=\"container\">\n\t\t\t\t<div class=\"elementor-element elementor-element-9a2a936 elementor-widget elementor-widget-heading\" data-id=\"9a2a936\" data-element_type=\"widget\" data-widget_type=\"heading.default\">\n\t\t\t\t<div class=\"elementor-widget-container\">\n\t\t\t<style>\/*! elementor - v3.21.0 - 18-04-2024 *\/\n.elementor-heading-title{padding:0;margin:0;line-height:1}.elementor-widget-heading .elementor-heading-title[class*=elementor-size-]>a{color:inherit;font-size:inherit;line-height:inherit}.elementor-widget-heading .elementor-heading-title.elementor-size-small{font-size:15px}.elementor-widget-heading .elementor-heading-title.elementor-size-medium{font-size:19px}.elementor-widget-heading .elementor-heading-title.elementor-size-large{font-size:29px}.elementor-widget-heading .elementor-heading-title.elementor-size-xl{font-size:39px}.elementor-widget-heading .elementor-heading-title.elementor-size-xxl{font-size:59px}<\/style><h2 class=\"elementor-heading-title elementor-size-default\">Anwendungsbereiche<\/h2>\t\t<\/div>\n\t\t\t\t<\/div>\n\t\t\t\t<\/div>\n\t\t<div class=\"elementor-element elementor-element-15be097 e-con-full e-flex e-con e-child\" data-id=\"15be097\" data-element_type=\"container\">\n\t\t\t\t<\/div>\n\t\t\t\t\t<\/div>\n\t\t\t\t<\/div>\n\t\t<div class=\"elementor-element elementor-element-1292e2f e-flex e-con-boxed e-con e-parent\" data-id=\"1292e2f\" data-element_type=\"container\">\n\t\t\t\t\t<div class=\"e-con-inner\">\n\t\t\t\t<div class=\"elementor-element elementor-element-076b63b elementor-widget elementor-widget-text-editor\" data-id=\"076b63b\" data-element_type=\"widget\" data-widget_type=\"text-editor.default\">\n\t\t\t\t<div class=\"elementor-widget-container\">\n\t\t\t<style>\/*! elementor - v3.21.0 - 18-04-2024 *\/\n.elementor-widget-text-editor.elementor-drop-cap-view-stacked .elementor-drop-cap{background-color:#69727d;color:#fff}.elementor-widget-text-editor.elementor-drop-cap-view-framed .elementor-drop-cap{color:#69727d;border:3px solid;background-color:transparent}.elementor-widget-text-editor:not(.elementor-drop-cap-view-default) .elementor-drop-cap{margin-top:8px}.elementor-widget-text-editor:not(.elementor-drop-cap-view-default) .elementor-drop-cap-letter{width:1em;height:1em}.elementor-widget-text-editor .elementor-drop-cap{float:left;text-align:center;line-height:1;font-size:50px}.elementor-widget-text-editor .elementor-drop-cap-letter{display:inline-block}<\/style>\t\t\t\t<p>Grunds\u00e4tzlich sind die Heilmethoden der Osteopathie f\u00fcr alle Menschen aller Altersgruppen anwendbar.<\/p><p>Hier einige Beschwerdebilder:<\/p>\t\t\t\t\t\t<\/div>\n\t\t\t\t<\/div>\n\t\t\t\t\t<\/div>\n\t\t\t\t<\/div>\n\t\t<div class=\"elementor-element elementor-element-333d865 e-flex e-con-boxed e-con e-parent\" data-id=\"333d865\" data-element_type=\"container\">\n\t\t\t\t\t<div class=\"e-con-inner\">\n\t\t\t\t<div class=\"elementor-element elementor-element-720575b elementor-widget elementor-widget-text-editor\" data-id=\"720575b\" data-element_type=\"widget\" data-widget_type=\"text-editor.default\">\n\t\t\t\t<div class=\"elementor-widget-container\">\n\t\t\t\t\t\t\t<h5><span style=\"color: #95b494;\">Beschwerden der Wirbels\u00e4ule und des Bewegungsapparates<\/span><\/h5><p>Wirbelblockaden, Fussverstauchung, falsche Haltung, Hebetraumen, Arthrosen, ausstrahlende Schmerzen, chronische Beschwerden etc.<\/p>\t\t\t\t\t\t<\/div>\n\t\t\t\t<\/div>\n\t\t\t\t\t<\/div>\n\t\t\t\t<\/div>\n\t\t<div class=\"elementor-element elementor-element-4bef657 e-flex e-con-boxed e-con e-parent\" data-id=\"4bef657\" data-element_type=\"container\">\n\t\t\t\t\t<div class=\"e-con-inner\">\n\t\t\t\t<div class=\"elementor-element elementor-element-2364818 elementor-widget elementor-widget-text-editor\" data-id=\"2364818\" data-element_type=\"widget\" data-widget_type=\"text-editor.default\">\n\t\t\t\t<div class=\"elementor-widget-container\">\n\t\t\t\t\t\t\t<h5><span style=\"color: #95B494;\">Magen-Darmbeschwerden<\/span><\/h5>\nfunktionelle St\u00f6rungen des Magen-Darmtraktes, Magenbrennen, Verstopfung, Durchfall, Koliken, Unvertr\u00e4glichkeiten etc.\t\t\t\t\t\t<\/div>\n\t\t\t\t<\/div>\n\t\t\t\t\t<\/div>\n\t\t\t\t<\/div>\n\t\t<div class=\"elementor-element elementor-element-250484b e-flex e-con-boxed e-con e-parent\" data-id=\"250484b\" data-element_type=\"container\">\n\t\t\t\t\t<div class=\"e-con-inner\">\n\t\t\t\t<div class=\"elementor-element elementor-element-2182700 elementor-widget elementor-widget-text-editor\" data-id=\"2182700\" data-element_type=\"widget\" data-widget_type=\"text-editor.default\">\n\t\t\t\t<div class=\"elementor-widget-container\">\n\t\t\t\t\t\t\t<h5><span style=\"color: #95B494;\">Kopfschmerzen, Migr\u00e4ne<\/span><\/h5>\nProbleme des Kiefergelenkes und der Wirbels\u00e4ule, Durchblutungsst\u00f6rungen, Schleudertraumen, St\u00fcrze auf den Kopf und das Becken, funktionelle Sehst\u00f6rungen, Verdauungsprobleme etc.\t\t\t\t\t\t<\/div>\n\t\t\t\t<\/div>\n\t\t\t\t\t<\/div>\n\t\t\t\t<\/div>\n\t\t<div class=\"elementor-element elementor-element-c57a5d6 e-flex e-con-boxed e-con e-parent\" data-id=\"c57a5d6\" data-element_type=\"container\">\n\t\t\t\t\t<div class=\"e-con-inner\">\n\t\t\t\t<div class=\"elementor-element elementor-element-cb765b3 elementor-widget elementor-widget-text-editor\" data-id=\"cb765b3\" data-element_type=\"widget\" data-widget_type=\"text-editor.default\">\n\t\t\t\t<div class=\"elementor-widget-container\">\n\t\t\t\t\t\t\t<h5><span style=\"color: #95B494;\">Allergien<\/span><\/h5>\neinseitige Ern\u00e4hrung, Ungleichgewicht des vegetativen Nervensystems, Asthma etc.\t\t\t\t\t\t<\/div>\n\t\t\t\t<\/div>\n\t\t\t\t\t<\/div>\n\t\t\t\t<\/div>\n\t\t<div class=\"elementor-element elementor-element-675462c e-flex e-con-boxed e-con e-parent\" data-id=\"675462c\" data-element_type=\"container\">\n\t\t\t\t\t<div class=\"e-con-inner\">\n\t\t\t\t<div class=\"elementor-element elementor-element-7dbf25f elementor-widget elementor-widget-text-editor\" data-id=\"7dbf25f\" data-element_type=\"widget\" data-widget_type=\"text-editor.default\">\n\t\t\t\t<div class=\"elementor-widget-container\">\n\t\t\t\t\t\t\t<h5><span style=\"color: #95B494;\">Schwangerschaft und Gyn\u00e4kologie<\/span><\/h5>\nSchwangerschaftsbeschwerden, Vorbereitung auf die Geburt, Menstruationsbeschwerden, Inkontinenz, Blasenprobleme etc.\t\t\t\t\t\t<\/div>\n\t\t\t\t<\/div>\n\t\t\t\t\t<\/div>\n\t\t\t\t<\/div>\n\t\t<div class=\"elementor-element elementor-element-68c2ed7 e-flex e-con-boxed e-con e-parent\" data-id=\"68c2ed7\" data-element_type=\"container\">\n\t\t\t\t\t<div class=\"e-con-inner\">\n\t\t\t\t<div class=\"elementor-element elementor-element-a1f14b1 elementor-widget elementor-widget-text-editor\" data-id=\"a1f14b1\" data-element_type=\"widget\" data-widget_type=\"text-editor.default\">\n\t\t\t\t<div class=\"elementor-widget-container\">\n\t\t\t\t\t\t\t<h5><span style=\"color: #95B494;\">Behandlung von Kindern<\/span><\/h5>\nSchlafst\u00f6rungen, Skoliosen, Zahnstellungsfehler (unterst\u00fctzend bei zahntechnischen Eingriffen, z.B. Spangen), Augen- und Ohrenprobleme (z.B. Schielen, Mittelohrentz\u00fcndung), Hyperaktivit\u00e4t, Lernschwierigkeiten etc.\t\t\t\t\t\t<\/div>\n\t\t\t\t<\/div>\n\t\t\t\t\t<\/div>\n\t\t\t\t<\/div>\n\t\t<div class=\"elementor-element elementor-element-99db6b8 e-flex e-con-boxed e-con e-parent\" data-id=\"99db6b8\" data-element_type=\"container\">\n\t\t\t\t\t<div class=\"e-con-inner\">\n\t\t\t\t<div class=\"elementor-element elementor-element-d3296c8 elementor-widget elementor-widget-text-editor\" data-id=\"d3296c8\" data-element_type=\"widget\" data-widget_type=\"text-editor.default\">\n\t\t\t\t<div class=\"elementor-widget-container\">\n\t\t\t\t\t\t\t<h5><span style=\"color: #95B494;\">Behandlung von S\u00e4uglingen<\/span><\/h5>\nGeburtstraumen (Zangengeburt, Saugglocke, Kaiserschnitt usw.), Drei-Monats-Kr\u00e4mpfe, Verstopfung, Schiefhals, Schluckst\u00f6rungen, Schlafst\u00f6rungen, Schreikinder, funktionelle Entwicklungsst\u00f6rungen etc.\t\t\t\t\t\t<\/div>\n\t\t\t\t<\/div>\n\t\t\t\t\t<\/div>\n\t\t\t\t<\/div>\n\t\t<div class=\"elementor-element elementor-element-467c25e e-flex e-con-boxed e-con e-parent\" data-id=\"467c25e\" data-element_type=\"container\">\n\t\t\t\t\t<div class=\"e-con-inner\">\n\t\t\t\t\t<\/div>\n\t\t\t\t<\/div>\n\t\t\t\t<\/div>\n\t\t","protected":false},"excerpt":{"rendered":"<p>Anwendungsbereiche Grunds\u00e4tzlich sind die Heilmethoden der Osteopathie f\u00fcr alle Menschen aller Altersgruppen anwendbar. Hier einige Beschwerdebilder: Beschwerden der Wirbels\u00e4ule und des Bewegungsapparates Wirbelblockaden, Fussverstauchung, falsche Haltung, Hebetraumen, Arthrosen, ausstrahlende Schmerzen, chronische Beschwerden etc. Magen-Darmbeschwerden funktionelle St\u00f6rungen des Magen-Darmtraktes, Magenbrennen, Verstopfung, Durchfall, Koliken, Unvertr\u00e4glichkeiten etc. Kopfschmerzen, Migr\u00e4ne Probleme des Kiefergelenkes und der Wirbels\u00e4ule, Durchblutungsst\u00f6rungen, Schleudertraumen, St\u00fcrze [&hellip;]<\/p>\n","protected":false},"author":1,"featured_media":0,"parent":0,"menu_order":0,"comment_status":"closed","ping_status":"closed","template":"","meta":{"footnotes":""},"class_list":["post-62","page","type-page","status-publish","hentry"],"_links":{"self":[{"href":"https:\/\/osteopathie-hochdorf.ch\/index.php\/wp-json\/wp\/v2\/pages\/62","targetHints":{"allow":["GET"]}}],"collection":[{"href":"https:\/\/osteopathie-hochdorf.ch\/index.php\/wp-json\/wp\/v2\/pages"}],"about":[{"href":"https:\/\/osteopathie-hochdorf.ch\/index.php\/wp-json\/wp\/v2\/types\/page"}],"author":[{"embeddable":true,"href":"https:\/\/osteopathie-hochdorf.ch\/index.php\/wp-json\/wp\/v2\/users\/1"}],"replies":[{"embeddable":true,"href":"https:\/\/osteopathie-hochdorf.ch\/index.php\/wp-json\/wp\/v2\/comments?post=62"}],"version-history":[{"count":85,"href":"https:\/\/osteopathie-hochdorf.ch\/index.php\/wp-json\/wp\/v2\/pages\/62\/revisions"}],"predecessor-version":[{"id":878,"href":"https:\/\/osteopathie-hochdorf.ch\/index.php\/wp-json\/wp\/v2\/pages\/62\/revisions\/878"}],"wp:attachment":[{"href":"https:\/\/osteopathie-hochdorf.ch\/index.php\/wp-json\/wp\/v2\/media?parent=62"}],"curies":[{"name":"wp","href":"https:\/\/api.w.org\/{rel}","templated":true}]}}