{"id":58,"date":"2023-11-17T14:15:49","date_gmt":"2023-11-17T14:15:49","guid":{"rendered":"http:\/\/osteopathie-hochdorf.ch\/?page_id=58"},"modified":"2024-02-23T08:56:05","modified_gmt":"2024-02-23T08:56:05","slug":"grundsatze-der-osteopathie","status":"publish","type":"page","link":"https:\/\/osteopathie-hochdorf.ch\/index.php\/grundsatze-der-osteopathie\/","title":{"rendered":"\u00a0Grunds\u00e4tze der Osteopathie"},"content":{"rendered":"\t\t<div data-elementor-type=\"wp-page\" data-elementor-id=\"58\" class=\"elementor elementor-58\" data-elementor-post-type=\"page\">\n\t\t\t\t<div class=\"elementor-element elementor-element-e4e4ea6 e-flex e-con-boxed e-con e-parent\" data-id=\"e4e4ea6\" data-element_type=\"container\">\n\t\t\t\t\t<div class=\"e-con-inner\">\n\t\t<div class=\"elementor-element elementor-element-224b761 e-con-full e-flex e-con e-child\" data-id=\"224b761\" data-element_type=\"container\">\n\t\t\t\t<div class=\"elementor-element elementor-element-18fca3b elementor-widget elementor-widget-heading\" data-id=\"18fca3b\" data-element_type=\"widget\" data-widget_type=\"heading.default\">\n\t\t\t\t<div class=\"elementor-widget-container\">\n\t\t\t<style>\/*! elementor - v3.21.0 - 18-04-2024 *\/\n.elementor-heading-title{padding:0;margin:0;line-height:1}.elementor-widget-heading .elementor-heading-title[class*=elementor-size-]>a{color:inherit;font-size:inherit;line-height:inherit}.elementor-widget-heading .elementor-heading-title.elementor-size-small{font-size:15px}.elementor-widget-heading .elementor-heading-title.elementor-size-medium{font-size:19px}.elementor-widget-heading .elementor-heading-title.elementor-size-large{font-size:29px}.elementor-widget-heading .elementor-heading-title.elementor-size-xl{font-size:39px}.elementor-widget-heading .elementor-heading-title.elementor-size-xxl{font-size:59px}<\/style><h2 class=\"elementor-heading-title elementor-size-default\">Grunds\u00e4tze der Osteopathie<\/h2>\t\t<\/div>\n\t\t\t\t<\/div>\n\t\t\t\t<\/div>\n\t\t<div class=\"elementor-element elementor-element-d1f739d e-con-full e-flex e-con e-child\" data-id=\"d1f739d\" data-element_type=\"container\">\n\t\t\t\t<\/div>\n\t\t\t\t\t<\/div>\n\t\t\t\t<\/div>\n\t\t<div class=\"elementor-element elementor-element-12b2cc7 e-flex e-con-boxed e-con e-parent\" data-id=\"12b2cc7\" data-element_type=\"container\">\n\t\t\t\t\t<div class=\"e-con-inner\">\n\t\t<div class=\"elementor-element elementor-element-c9a6674 e-con-full e-flex e-con e-child\" data-id=\"c9a6674\" data-element_type=\"container\">\n\t\t\t\t<div class=\"elementor-element elementor-element-904fe37 elementor-widget elementor-widget-text-editor\" data-id=\"904fe37\" data-element_type=\"widget\" data-widget_type=\"text-editor.default\">\n\t\t\t\t<div class=\"elementor-widget-container\">\n\t\t\t<style>\/*! elementor - v3.21.0 - 18-04-2024 *\/\n.elementor-widget-text-editor.elementor-drop-cap-view-stacked .elementor-drop-cap{background-color:#69727d;color:#fff}.elementor-widget-text-editor.elementor-drop-cap-view-framed .elementor-drop-cap{color:#69727d;border:3px solid;background-color:transparent}.elementor-widget-text-editor:not(.elementor-drop-cap-view-default) .elementor-drop-cap{margin-top:8px}.elementor-widget-text-editor:not(.elementor-drop-cap-view-default) .elementor-drop-cap-letter{width:1em;height:1em}.elementor-widget-text-editor .elementor-drop-cap{float:left;text-align:center;line-height:1;font-size:50px}.elementor-widget-text-editor .elementor-drop-cap-letter{display:inline-block}<\/style>\t\t\t\t<p>1. Der K\u00f6rper ist eine funktionelle Einheit.<br \/>2. Die Funktion bestimmt die K\u00f6rperstruktur und umgekehrt.<br \/>3. Der K\u00f6rper besitzt die F\u00e4higkeit zur Selbstheilung.<\/p><p>Die Osteopathie verfolgt vier grundlegende Behandlungsmethoden und -bereiche:<\/p><p><span style=\"color: #95b494;\"><strong>Kranio-Sakrale Osteopathie:<\/strong><\/span><\/p><p>Das mobile Gef\u00fcge von Sch\u00e4delknochen und Kreuzbein, verbunden \u00fcber die unelastische R\u00fcckenmarkshaut, bilden eine funktionelle Einheit. St\u00f6rungen in diesem Bereich k\u00f6nnen weitreichende Folgen f\u00fcr den gesamten Organismus haben.<\/p><p><span style=\"color: #339966;\"><a style=\"color: #339966;\" href=\"https:\/\/osteopathie-hochdorf.ch\/index.php\/myofasziale\/\">Myofasziale (Muskel\/Bindegewebe) Osteopathie:<\/a><\/span><\/p><p><span style=\"color: #339966;\"><a style=\"color: #339966;\" href=\"https:\/\/osteopathie-hochdorf.ch\/index.php\/viszerale-osteopathie\/\">Viszerale Osteopathie:<\/a><\/span><\/p><p><span style=\"color: #339966;\"><a style=\"color: #339966;\" href=\"https:\/\/osteopathie-hochdorf.ch\/index.php\/strukturelle-osteopathie\/\">Strukturelle Osteopathie:<\/a><\/span><\/p>\t\t\t\t\t\t<\/div>\n\t\t\t\t<\/div>\n\t\t\t\t<\/div>\n\t\t<div class=\"elementor-element elementor-element-d5a4da1 e-con-full e-flex e-con e-child\" data-id=\"d5a4da1\" data-element_type=\"container\">\n\t\t\t\t<div class=\"elementor-element elementor-element-0456963 elementor-widget elementor-widget-image\" data-id=\"0456963\" data-element_type=\"widget\" data-widget_type=\"image.default\">\n\t\t\t\t<div class=\"elementor-widget-container\">\n\t\t\t<style>\/*! elementor - v3.21.0 - 18-04-2024 *\/\n.elementor-widget-image{text-align:center}.elementor-widget-image a{display:inline-block}.elementor-widget-image a img[src$=\".svg\"]{width:48px}.elementor-widget-image img{vertical-align:middle;display:inline-block}<\/style>\t\t\t\t\t\t\t\t\t\t<img fetchpriority=\"high\" decoding=\"async\" width=\"620\" height=\"400\" src=\"https:\/\/osteopathie-hochdorf.ch\/wp-content\/uploads\/2024\/02\/kraniosakral.jpg\" class=\"attachment-large size-large wp-image-376\" alt=\"\" srcset=\"https:\/\/osteopathie-hochdorf.ch\/wp-content\/uploads\/2024\/02\/kraniosakral.jpg 620w, https:\/\/osteopathie-hochdorf.ch\/wp-content\/uploads\/2024\/02\/kraniosakral-300x194.jpg 300w\" sizes=\"(max-width: 620px) 100vw, 620px\" \/>\t\t\t\t\t\t\t\t\t\t\t\t\t<\/div>\n\t\t\t\t<\/div>\n\t\t\t\t<\/div>\n\t\t\t\t\t<\/div>\n\t\t\t\t<\/div>\n\t\t<div class=\"elementor-element elementor-element-38f5a05 e-flex e-con-boxed e-con e-parent\" data-id=\"38f5a05\" data-element_type=\"container\">\n\t\t\t\t\t<div class=\"e-con-inner\">\n\t\t\t\t\t<\/div>\n\t\t\t\t<\/div>\n\t\t\t\t<\/div>\n\t\t","protected":false},"excerpt":{"rendered":"<p>Grunds\u00e4tze der Osteopathie 1. Der K\u00f6rper ist eine funktionelle Einheit.2. Die Funktion bestimmt die K\u00f6rperstruktur und umgekehrt.3. Der K\u00f6rper besitzt die F\u00e4higkeit zur Selbstheilung. Die Osteopathie verfolgt vier grundlegende Behandlungsmethoden und -bereiche: Kranio-Sakrale Osteopathie: Das mobile Gef\u00fcge von Sch\u00e4delknochen und Kreuzbein, verbunden \u00fcber die unelastische R\u00fcckenmarkshaut, bilden eine funktionelle Einheit. St\u00f6rungen in diesem Bereich k\u00f6nnen [&hellip;]<\/p>\n","protected":false},"author":1,"featured_media":0,"parent":0,"menu_order":0,"comment_status":"closed","ping_status":"closed","template":"","meta":{"footnotes":""},"class_list":["post-58","page","type-page","status-publish","hentry"],"_links":{"self":[{"href":"https:\/\/osteopathie-hochdorf.ch\/index.php\/wp-json\/wp\/v2\/pages\/58","targetHints":{"allow":["GET"]}}],"collection":[{"href":"https:\/\/osteopathie-hochdorf.ch\/index.php\/wp-json\/wp\/v2\/pages"}],"about":[{"href":"https:\/\/osteopathie-hochdorf.ch\/index.php\/wp-json\/wp\/v2\/types\/page"}],"author":[{"embeddable":true,"href":"https:\/\/osteopathie-hochdorf.ch\/index.php\/wp-json\/wp\/v2\/users\/1"}],"replies":[{"embeddable":true,"href":"https:\/\/osteopathie-hochdorf.ch\/index.php\/wp-json\/wp\/v2\/comments?post=58"}],"version-history":[{"count":86,"href":"https:\/\/osteopathie-hochdorf.ch\/index.php\/wp-json\/wp\/v2\/pages\/58\/revisions"}],"predecessor-version":[{"id":922,"href":"https:\/\/osteopathie-hochdorf.ch\/index.php\/wp-json\/wp\/v2\/pages\/58\/revisions\/922"}],"wp:attachment":[{"href":"https:\/\/osteopathie-hochdorf.ch\/index.php\/wp-json\/wp\/v2\/media?parent=58"}],"curies":[{"name":"wp","href":"https:\/\/api.w.org\/{rel}","templated":true}]}}