{"id":56,"date":"2023-11-17T14:15:15","date_gmt":"2023-11-17T14:15:15","guid":{"rendered":"http:\/\/osteopathie-hochdorf.ch\/?page_id=56"},"modified":"2024-02-21T08:46:04","modified_gmt":"2024-02-21T08:46:04","slug":"was-ist-osteopathie","status":"publish","type":"page","link":"https:\/\/osteopathie-hochdorf.ch\/index.php\/was-ist-osteopathie\/","title":{"rendered":"Was ist Osteopathie"},"content":{"rendered":"\t\t<div data-elementor-type=\"wp-page\" data-elementor-id=\"56\" class=\"elementor elementor-56\" data-elementor-post-type=\"page\">\n\t\t\t\t<div class=\"elementor-element elementor-element-7991a34 e-flex e-con-boxed e-con e-parent\" data-id=\"7991a34\" data-element_type=\"container\">\n\t\t\t\t\t<div class=\"e-con-inner\">\n\t\t<div class=\"elementor-element elementor-element-bc1d034 e-con-full e-flex e-con e-child\" data-id=\"bc1d034\" data-element_type=\"container\">\n\t\t\t\t<div class=\"elementor-element elementor-element-7c64231 elementor-widget elementor-widget-heading\" data-id=\"7c64231\" data-element_type=\"widget\" data-widget_type=\"heading.default\">\n\t\t\t\t<div class=\"elementor-widget-container\">\n\t\t\t<style>\/*! elementor - v3.21.0 - 18-04-2024 *\/\n.elementor-heading-title{padding:0;margin:0;line-height:1}.elementor-widget-heading .elementor-heading-title[class*=elementor-size-]>a{color:inherit;font-size:inherit;line-height:inherit}.elementor-widget-heading .elementor-heading-title.elementor-size-small{font-size:15px}.elementor-widget-heading .elementor-heading-title.elementor-size-medium{font-size:19px}.elementor-widget-heading .elementor-heading-title.elementor-size-large{font-size:29px}.elementor-widget-heading .elementor-heading-title.elementor-size-xl{font-size:39px}.elementor-widget-heading .elementor-heading-title.elementor-size-xxl{font-size:59px}<\/style><h2 class=\"elementor-heading-title elementor-size-default\">Was ist Osteopathie<\/h2>\t\t<\/div>\n\t\t\t\t<\/div>\n\t\t\t\t<\/div>\n\t\t<div class=\"elementor-element elementor-element-d1a3142 e-con-full e-flex e-con e-child\" data-id=\"d1a3142\" data-element_type=\"container\">\n\t\t\t\t<\/div>\n\t\t\t\t\t<\/div>\n\t\t\t\t<\/div>\n\t\t<div class=\"elementor-element elementor-element-7121b86 e-flex e-con-boxed e-con e-parent\" data-id=\"7121b86\" data-element_type=\"container\">\n\t\t\t\t\t<div class=\"e-con-inner\">\n\t\t<div class=\"elementor-element elementor-element-516fe7e e-con-full e-flex e-con e-child\" data-id=\"516fe7e\" data-element_type=\"container\">\n\t\t\t\t<div class=\"elementor-element elementor-element-3c90ea2 elementor-widget elementor-widget-text-editor\" data-id=\"3c90ea2\" data-element_type=\"widget\" data-widget_type=\"text-editor.default\">\n\t\t\t\t<div class=\"elementor-widget-container\">\n\t\t\t<style>\/*! elementor - v3.21.0 - 18-04-2024 *\/\n.elementor-widget-text-editor.elementor-drop-cap-view-stacked .elementor-drop-cap{background-color:#69727d;color:#fff}.elementor-widget-text-editor.elementor-drop-cap-view-framed .elementor-drop-cap{color:#69727d;border:3px solid;background-color:transparent}.elementor-widget-text-editor:not(.elementor-drop-cap-view-default) .elementor-drop-cap{margin-top:8px}.elementor-widget-text-editor:not(.elementor-drop-cap-view-default) .elementor-drop-cap-letter{width:1em;height:1em}.elementor-widget-text-editor .elementor-drop-cap{float:left;text-align:center;line-height:1;font-size:50px}.elementor-widget-text-editor .elementor-drop-cap-letter{display:inline-block}<\/style>\t\t\t\t<p>\u00a0<\/p><p>\u00a0<\/p><p>Sanftes Heilen mit den H\u00e4nden: Die Osteopathie ist weder Massage, noch Chiropraktik, noch Physiotherapie, sondern eine, systemische Heilmethode.<\/p><p>Der Leitspruch von A. T. Still: &#8220;Leben ist Bewegung&#8221;wird in Diagnostik und Therapie angewandt und ist oberstes Kriterium f\u00fcr die optimale Funktion des menschlichen Organismus. Dabei bezieht sich die Aussage nicht nur auf das Muskel-Skelett-System, sondern auch auf den Sch\u00e4del, die Weichteile, inneren Organe, Nerven- und Gef\u00e4ssbahnen, Hormondr\u00fcsen bis hin zur kleinsten Zelleinheit.<\/p>\t\t\t\t\t\t<\/div>\n\t\t\t\t<\/div>\n\t\t\t\t<\/div>\n\t\t<div class=\"elementor-element elementor-element-6382cc8 e-con-full e-flex e-con e-child\" data-id=\"6382cc8\" data-element_type=\"container\">\n\t\t\t\t<div class=\"elementor-element elementor-element-b97969c elementor-widget elementor-widget-image\" data-id=\"b97969c\" data-element_type=\"widget\" data-widget_type=\"image.default\">\n\t\t\t\t<div class=\"elementor-widget-container\">\n\t\t\t<style>\/*! elementor - v3.21.0 - 18-04-2024 *\/\n.elementor-widget-image{text-align:center}.elementor-widget-image a{display:inline-block}.elementor-widget-image a img[src$=\".svg\"]{width:48px}.elementor-widget-image img{vertical-align:middle;display:inline-block}<\/style>\t\t\t\t\t\t\t\t\t\t<img fetchpriority=\"high\" decoding=\"async\" width=\"600\" height=\"403\" src=\"https:\/\/osteopathie-hochdorf.ch\/wp-content\/uploads\/2024\/02\/nacken.jpg\" class=\"attachment-large size-large wp-image-295\" alt=\"\" srcset=\"https:\/\/osteopathie-hochdorf.ch\/wp-content\/uploads\/2024\/02\/nacken.jpg 600w, https:\/\/osteopathie-hochdorf.ch\/wp-content\/uploads\/2024\/02\/nacken-300x202.jpg 300w\" sizes=\"(max-width: 600px) 100vw, 600px\" \/>\t\t\t\t\t\t\t\t\t\t\t\t\t<\/div>\n\t\t\t\t<\/div>\n\t\t\t\t<\/div>\n\t\t\t\t\t<\/div>\n\t\t\t\t<\/div>\n\t\t\t\t<\/div>\n\t\t","protected":false},"excerpt":{"rendered":"<p>Was ist Osteopathie \u00a0 \u00a0 Sanftes Heilen mit den H\u00e4nden: Die Osteopathie ist weder Massage, noch Chiropraktik, noch Physiotherapie, sondern eine, systemische Heilmethode. Der Leitspruch von A. T. Still: &#8220;Leben ist Bewegung&#8221;wird in Diagnostik und Therapie angewandt und ist oberstes Kriterium f\u00fcr die optimale Funktion des menschlichen Organismus. Dabei bezieht sich die Aussage nicht nur [&hellip;]<\/p>\n","protected":false},"author":1,"featured_media":0,"parent":0,"menu_order":0,"comment_status":"closed","ping_status":"closed","template":"","meta":{"footnotes":""},"class_list":["post-56","page","type-page","status-publish","hentry"],"_links":{"self":[{"href":"https:\/\/osteopathie-hochdorf.ch\/index.php\/wp-json\/wp\/v2\/pages\/56","targetHints":{"allow":["GET"]}}],"collection":[{"href":"https:\/\/osteopathie-hochdorf.ch\/index.php\/wp-json\/wp\/v2\/pages"}],"about":[{"href":"https:\/\/osteopathie-hochdorf.ch\/index.php\/wp-json\/wp\/v2\/types\/page"}],"author":[{"embeddable":true,"href":"https:\/\/osteopathie-hochdorf.ch\/index.php\/wp-json\/wp\/v2\/users\/1"}],"replies":[{"embeddable":true,"href":"https:\/\/osteopathie-hochdorf.ch\/index.php\/wp-json\/wp\/v2\/comments?post=56"}],"version-history":[{"count":28,"href":"https:\/\/osteopathie-hochdorf.ch\/index.php\/wp-json\/wp\/v2\/pages\/56\/revisions"}],"predecessor-version":[{"id":796,"href":"https:\/\/osteopathie-hochdorf.ch\/index.php\/wp-json\/wp\/v2\/pages\/56\/revisions\/796"}],"wp:attachment":[{"href":"https:\/\/osteopathie-hochdorf.ch\/index.php\/wp-json\/wp\/v2\/media?parent=56"}],"curies":[{"name":"wp","href":"https:\/\/api.w.org\/{rel}","templated":true}]}}