{"id":486,"date":"2024-02-16T14:31:31","date_gmt":"2024-02-16T14:31:31","guid":{"rendered":"http:\/\/osteopathie-hochdorf.ch\/?page_id=486"},"modified":"2024-02-21T08:54:26","modified_gmt":"2024-02-21T08:54:26","slug":"viszerale-osteopathie","status":"publish","type":"page","link":"https:\/\/osteopathie-hochdorf.ch\/index.php\/viszerale-osteopathie\/","title":{"rendered":"Viszerale Osteopathie"},"content":{"rendered":"\t\t<div data-elementor-type=\"wp-page\" data-elementor-id=\"486\" class=\"elementor elementor-486\" data-elementor-post-type=\"page\">\n\t\t\t\t<div class=\"elementor-element elementor-element-5dc7db1 e-flex e-con-boxed e-con e-parent\" data-id=\"5dc7db1\" data-element_type=\"container\">\n\t\t\t\t\t<div class=\"e-con-inner\">\n\t\t<div class=\"elementor-element elementor-element-67c741b e-con-full e-flex e-con e-child\" data-id=\"67c741b\" data-element_type=\"container\">\n\t\t\t\t<div class=\"elementor-element elementor-element-342cffe elementor-widget elementor-widget-heading\" data-id=\"342cffe\" data-element_type=\"widget\" data-widget_type=\"heading.default\">\n\t\t\t\t<div class=\"elementor-widget-container\">\n\t\t\t<style>\/*! elementor - v3.21.0 - 18-04-2024 *\/\n.elementor-heading-title{padding:0;margin:0;line-height:1}.elementor-widget-heading .elementor-heading-title[class*=elementor-size-]>a{color:inherit;font-size:inherit;line-height:inherit}.elementor-widget-heading .elementor-heading-title.elementor-size-small{font-size:15px}.elementor-widget-heading .elementor-heading-title.elementor-size-medium{font-size:19px}.elementor-widget-heading .elementor-heading-title.elementor-size-large{font-size:29px}.elementor-widget-heading .elementor-heading-title.elementor-size-xl{font-size:39px}.elementor-widget-heading .elementor-heading-title.elementor-size-xxl{font-size:59px}<\/style><h2 class=\"elementor-heading-title elementor-size-default\"> Grunds\u00e4tze der Osteopathie\u200b<\/h2>\t\t<\/div>\n\t\t\t\t<\/div>\n\t\t\t\t<\/div>\n\t\t<div class=\"elementor-element elementor-element-fa4edd8 e-con-full e-flex e-con e-child\" data-id=\"fa4edd8\" data-element_type=\"container\">\n\t\t\t\t<\/div>\n\t\t\t\t\t<\/div>\n\t\t\t\t<\/div>\n\t\t<div class=\"elementor-element elementor-element-0b651d9 e-flex e-con-boxed e-con e-parent\" data-id=\"0b651d9\" data-element_type=\"container\">\n\t\t\t\t\t<div class=\"e-con-inner\">\n\t\t<div class=\"elementor-element elementor-element-619526b e-con-full e-flex e-con e-child\" data-id=\"619526b\" data-element_type=\"container\">\n\t\t\t\t<div class=\"elementor-element elementor-element-70e0aa7 elementor-widget elementor-widget-text-editor\" data-id=\"70e0aa7\" data-element_type=\"widget\" data-widget_type=\"text-editor.default\">\n\t\t\t\t<div class=\"elementor-widget-container\">\n\t\t\t<style>\/*! elementor - v3.21.0 - 18-04-2024 *\/\n.elementor-widget-text-editor.elementor-drop-cap-view-stacked .elementor-drop-cap{background-color:#69727d;color:#fff}.elementor-widget-text-editor.elementor-drop-cap-view-framed .elementor-drop-cap{color:#69727d;border:3px solid;background-color:transparent}.elementor-widget-text-editor:not(.elementor-drop-cap-view-default) .elementor-drop-cap{margin-top:8px}.elementor-widget-text-editor:not(.elementor-drop-cap-view-default) .elementor-drop-cap-letter{width:1em;height:1em}.elementor-widget-text-editor .elementor-drop-cap{float:left;text-align:center;line-height:1;font-size:50px}.elementor-widget-text-editor .elementor-drop-cap-letter{display:inline-block}<\/style>\t\t\t\t<p>1. Der K\u00f6rper ist eine funktionelle Einheit.<br \/>2. Die Funktion bestimmt die K\u00f6rperstruktur und umgekehrt.<br \/>3. Der K\u00f6rper besitzt die F\u00e4higkeit zur Selbstheilung.<\/p><p>Die Osteopathie verfolgt vier grundlegende Behandlungsmethoden und -bereiche:<\/p><p><span style=\"color: #339966;\"><a style=\"color: #339966;\" href=\"https:\/\/osteopathie-hochdorf.ch\/index.php\/grundsatze-der-osteopathie\/\">Kranio-Sakrale Osteopathie:<\/a><\/span><\/p><p><span style=\"color: #339966;\"><a style=\"color: #339966;\" href=\"https:\/\/osteopathie-hochdorf.ch\/index.php\/myofasziale\/\">Myofasziale (Muskel\/Bindegewebe) Osteopathie:<\/a><\/span><\/p><p><strong><span style=\"color: #95b494;\">Viszerale Osteopathie:<\/span><\/strong><\/p><p>Die Beweglichkeit des jeweiligen Organs zu seiner anatomischen Umgebung und die Eigenrhythmik des Organs selbst werden untersucht und behandelt.<\/p><p><span style=\"color: #339966;\"><a style=\"color: #339966;\" href=\"https:\/\/osteopathie-hochdorf.ch\/index.php\/strukturelle-osteopathie\/\">Strukturelle Osteopathie:<\/a><\/span><\/p>\t\t\t\t\t\t<\/div>\n\t\t\t\t<\/div>\n\t\t\t\t<\/div>\n\t\t<div class=\"elementor-element elementor-element-f0c5493 e-con-full e-flex e-con e-child\" data-id=\"f0c5493\" data-element_type=\"container\">\n\t\t\t\t<\/div>\n\t\t\t\t\t<\/div>\n\t\t\t\t<\/div>\n\t\t\t\t<\/div>\n\t\t","protected":false},"excerpt":{"rendered":"<p>Grunds\u00e4tze der Osteopathie\u200b 1. Der K\u00f6rper ist eine funktionelle Einheit.2. Die Funktion bestimmt die K\u00f6rperstruktur und umgekehrt.3. Der K\u00f6rper besitzt die F\u00e4higkeit zur Selbstheilung. Die Osteopathie verfolgt vier grundlegende Behandlungsmethoden und -bereiche: Kranio-Sakrale Osteopathie: Myofasziale (Muskel\/Bindegewebe) Osteopathie: Viszerale Osteopathie: Die Beweglichkeit des jeweiligen Organs zu seiner anatomischen Umgebung und die Eigenrhythmik des Organs selbst werden [&hellip;]<\/p>\n","protected":false},"author":1,"featured_media":0,"parent":0,"menu_order":0,"comment_status":"closed","ping_status":"closed","template":"","meta":{"footnotes":""},"class_list":["post-486","page","type-page","status-publish","hentry"],"_links":{"self":[{"href":"https:\/\/osteopathie-hochdorf.ch\/index.php\/wp-json\/wp\/v2\/pages\/486","targetHints":{"allow":["GET"]}}],"collection":[{"href":"https:\/\/osteopathie-hochdorf.ch\/index.php\/wp-json\/wp\/v2\/pages"}],"about":[{"href":"https:\/\/osteopathie-hochdorf.ch\/index.php\/wp-json\/wp\/v2\/types\/page"}],"author":[{"embeddable":true,"href":"https:\/\/osteopathie-hochdorf.ch\/index.php\/wp-json\/wp\/v2\/users\/1"}],"replies":[{"embeddable":true,"href":"https:\/\/osteopathie-hochdorf.ch\/index.php\/wp-json\/wp\/v2\/comments?post=486"}],"version-history":[{"count":45,"href":"https:\/\/osteopathie-hochdorf.ch\/index.php\/wp-json\/wp\/v2\/pages\/486\/revisions"}],"predecessor-version":[{"id":814,"href":"https:\/\/osteopathie-hochdorf.ch\/index.php\/wp-json\/wp\/v2\/pages\/486\/revisions\/814"}],"wp:attachment":[{"href":"https:\/\/osteopathie-hochdorf.ch\/index.php\/wp-json\/wp\/v2\/media?parent=486"}],"curies":[{"name":"wp","href":"https:\/\/api.w.org\/{rel}","templated":true}]}}