{"id":484,"date":"2024-02-16T14:31:01","date_gmt":"2024-02-16T14:31:01","guid":{"rendered":"http:\/\/osteopathie-hochdorf.ch\/?page_id=484"},"modified":"2024-02-21T08:51:18","modified_gmt":"2024-02-21T08:51:18","slug":"myofasziale","status":"publish","type":"page","link":"https:\/\/osteopathie-hochdorf.ch\/index.php\/myofasziale\/","title":{"rendered":"Myofasziale\u00a0"},"content":{"rendered":"\t\t<div data-elementor-type=\"wp-page\" data-elementor-id=\"484\" class=\"elementor elementor-484\" data-elementor-post-type=\"page\">\n\t\t\t\t<div class=\"elementor-element elementor-element-21cd528 e-flex e-con-boxed e-con e-parent\" data-id=\"21cd528\" data-element_type=\"container\">\n\t\t\t\t\t<div class=\"e-con-inner\">\n\t\t<div class=\"elementor-element elementor-element-bd2bc35 e-con-full e-flex e-con e-child\" data-id=\"bd2bc35\" data-element_type=\"container\">\n\t\t\t\t<div class=\"elementor-element elementor-element-839559f elementor-widget elementor-widget-heading\" data-id=\"839559f\" data-element_type=\"widget\" data-widget_type=\"heading.default\">\n\t\t\t\t<div class=\"elementor-widget-container\">\n\t\t\t<style>\/*! elementor - v3.21.0 - 18-04-2024 *\/\n.elementor-heading-title{padding:0;margin:0;line-height:1}.elementor-widget-heading .elementor-heading-title[class*=elementor-size-]>a{color:inherit;font-size:inherit;line-height:inherit}.elementor-widget-heading .elementor-heading-title.elementor-size-small{font-size:15px}.elementor-widget-heading .elementor-heading-title.elementor-size-medium{font-size:19px}.elementor-widget-heading .elementor-heading-title.elementor-size-large{font-size:29px}.elementor-widget-heading .elementor-heading-title.elementor-size-xl{font-size:39px}.elementor-widget-heading .elementor-heading-title.elementor-size-xxl{font-size:59px}<\/style><h2 class=\"elementor-heading-title elementor-size-default\"> Grunds\u00e4tze der Osteopathie\u200b<\/h2>\t\t<\/div>\n\t\t\t\t<\/div>\n\t\t\t\t<\/div>\n\t\t<div class=\"elementor-element elementor-element-0387193 e-con-full e-flex e-con e-child\" data-id=\"0387193\" data-element_type=\"container\">\n\t\t\t\t<\/div>\n\t\t\t\t\t<\/div>\n\t\t\t\t<\/div>\n\t\t<div class=\"elementor-element elementor-element-a98c2e9 e-flex e-con-boxed e-con e-parent\" data-id=\"a98c2e9\" data-element_type=\"container\">\n\t\t\t\t\t<div class=\"e-con-inner\">\n\t\t<div class=\"elementor-element elementor-element-4485cf1 e-con-full e-flex e-con e-child\" data-id=\"4485cf1\" data-element_type=\"container\">\n\t\t\t\t<div class=\"elementor-element elementor-element-c316ceb elementor-widget elementor-widget-text-editor\" data-id=\"c316ceb\" data-element_type=\"widget\" data-widget_type=\"text-editor.default\">\n\t\t\t\t<div class=\"elementor-widget-container\">\n\t\t\t<style>\/*! elementor - v3.21.0 - 18-04-2024 *\/\n.elementor-widget-text-editor.elementor-drop-cap-view-stacked .elementor-drop-cap{background-color:#69727d;color:#fff}.elementor-widget-text-editor.elementor-drop-cap-view-framed .elementor-drop-cap{color:#69727d;border:3px solid;background-color:transparent}.elementor-widget-text-editor:not(.elementor-drop-cap-view-default) .elementor-drop-cap{margin-top:8px}.elementor-widget-text-editor:not(.elementor-drop-cap-view-default) .elementor-drop-cap-letter{width:1em;height:1em}.elementor-widget-text-editor .elementor-drop-cap{float:left;text-align:center;line-height:1;font-size:50px}.elementor-widget-text-editor .elementor-drop-cap-letter{display:inline-block}<\/style>\t\t\t\t<p>1. Der K\u00f6rper ist eine funktionelle Einheit.<br \/>2. Die Funktion bestimmt die K\u00f6rperstruktur und umgekehrt.<br \/>3. Der K\u00f6rper besitzt die F\u00e4higkeit zur Selbstheilung.<\/p><p>Die Osteopathie verfolgt vier grundlegende Behandlungsmethoden und -bereiche:<\/p><p><span style=\"color: #339966;\"><a style=\"color: #339966;\" href=\"https:\/\/osteopathie-hochdorf.ch\/index.php\/grundsatze-der-osteopathie\/\">Kranio-Sakrale Osteopathie:<\/a><\/span><\/p><p><span style=\"color: #95b494;\"><strong>Myofasziale (Muskel\/Bindegewebe) Osteopathie:<\/strong><\/span><\/p><p>Spannungen im K\u00f6rper werden \u00fcber das Fasziennetz weitergeleitet. Myofasziales Arbeiten wirkt l\u00f6send und schmerzlindernd und verbessert so den Abtransport der Stoffwechselr\u00fcckst\u00e4nde und der Lymphe.<\/p><p><span style=\"color: #339966;\"><a style=\"color: #339966;\" href=\"https:\/\/osteopathie-hochdorf.ch\/index.php\/viszerale-osteopathie\/\">Viszerale Osteopathie:<\/a><\/span><\/p><p><span style=\"color: #339966;\"><a style=\"color: #339966;\" href=\"https:\/\/osteopathie-hochdorf.ch\/index.php\/strukturelle-osteopathie\/\">Strukturelle Osteopathie:<\/a><\/span><\/p>\t\t\t\t\t\t<\/div>\n\t\t\t\t<\/div>\n\t\t\t\t<\/div>\n\t\t<div class=\"elementor-element elementor-element-047f6bd e-con-full e-flex e-con e-child\" data-id=\"047f6bd\" data-element_type=\"container\">\n\t\t\t\t<div class=\"elementor-element elementor-element-830ea65 elementor-widget elementor-widget-image\" data-id=\"830ea65\" data-element_type=\"widget\" data-widget_type=\"image.default\">\n\t\t\t\t<div class=\"elementor-widget-container\">\n\t\t\t<style>\/*! elementor - v3.21.0 - 18-04-2024 *\/\n.elementor-widget-image{text-align:center}.elementor-widget-image a{display:inline-block}.elementor-widget-image a img[src$=\".svg\"]{width:48px}.elementor-widget-image img{vertical-align:middle;display:inline-block}<\/style>\t\t\t\t\t\t\t\t\t\t<img fetchpriority=\"high\" decoding=\"async\" width=\"620\" height=\"400\" src=\"https:\/\/osteopathie-hochdorf.ch\/wp-content\/uploads\/2024\/02\/muskeln_gewebe.jpg\" class=\"attachment-large size-large wp-image-573\" alt=\"\" srcset=\"https:\/\/osteopathie-hochdorf.ch\/wp-content\/uploads\/2024\/02\/muskeln_gewebe.jpg 620w, https:\/\/osteopathie-hochdorf.ch\/wp-content\/uploads\/2024\/02\/muskeln_gewebe-300x194.jpg 300w\" sizes=\"(max-width: 620px) 100vw, 620px\" \/>\t\t\t\t\t\t\t\t\t\t\t\t\t<\/div>\n\t\t\t\t<\/div>\n\t\t\t\t<\/div>\n\t\t\t\t\t<\/div>\n\t\t\t\t<\/div>\n\t\t\t\t<\/div>\n\t\t","protected":false},"excerpt":{"rendered":"<p>Grunds\u00e4tze der Osteopathie\u200b 1. Der K\u00f6rper ist eine funktionelle Einheit.2. Die Funktion bestimmt die K\u00f6rperstruktur und umgekehrt.3. Der K\u00f6rper besitzt die F\u00e4higkeit zur Selbstheilung. Die Osteopathie verfolgt vier grundlegende Behandlungsmethoden und -bereiche: Kranio-Sakrale Osteopathie: Myofasziale (Muskel\/Bindegewebe) Osteopathie: Spannungen im K\u00f6rper werden \u00fcber das Fasziennetz weitergeleitet. Myofasziales Arbeiten wirkt l\u00f6send und schmerzlindernd und verbessert so den [&hellip;]<\/p>\n","protected":false},"author":1,"featured_media":0,"parent":0,"menu_order":0,"comment_status":"closed","ping_status":"closed","template":"","meta":{"footnotes":""},"class_list":["post-484","page","type-page","status-publish","hentry"],"_links":{"self":[{"href":"https:\/\/osteopathie-hochdorf.ch\/index.php\/wp-json\/wp\/v2\/pages\/484","targetHints":{"allow":["GET"]}}],"collection":[{"href":"https:\/\/osteopathie-hochdorf.ch\/index.php\/wp-json\/wp\/v2\/pages"}],"about":[{"href":"https:\/\/osteopathie-hochdorf.ch\/index.php\/wp-json\/wp\/v2\/types\/page"}],"author":[{"embeddable":true,"href":"https:\/\/osteopathie-hochdorf.ch\/index.php\/wp-json\/wp\/v2\/users\/1"}],"replies":[{"embeddable":true,"href":"https:\/\/osteopathie-hochdorf.ch\/index.php\/wp-json\/wp\/v2\/comments?post=484"}],"version-history":[{"count":39,"href":"https:\/\/osteopathie-hochdorf.ch\/index.php\/wp-json\/wp\/v2\/pages\/484\/revisions"}],"predecessor-version":[{"id":811,"href":"https:\/\/osteopathie-hochdorf.ch\/index.php\/wp-json\/wp\/v2\/pages\/484\/revisions\/811"}],"wp:attachment":[{"href":"https:\/\/osteopathie-hochdorf.ch\/index.php\/wp-json\/wp\/v2\/media?parent=484"}],"curies":[{"name":"wp","href":"https:\/\/api.w.org\/{rel}","templated":true}]}}